{"id":1546,"date":"2021-02-03T23:10:24","date_gmt":"2021-02-03T22:10:24","guid":{"rendered":"https:\/\/spinstatz.eu\/?page_id=1546"},"modified":"2021-02-06T01:34:34","modified_gmt":"2021-02-06T00:34:34","slug":"datenschutzerklaerung","status":"publish","type":"page","link":"https:\/\/spinstatz.eu\/de\/datenschutzerklaerung\/","title":{"rendered":"Datenschutzerkl\u00e4rung"},"content":{"rendered":"<div id='av_section_1'  class='avia-section main_color avia-section-default avia-no-border-styling  avia-bg-style-scroll  avia-builder-el-0  avia-builder-el-no-sibling   container_wrap fullsize' style='background-color: #262626;  '  ><div class='container' ><main  role=\"main\" itemprop=\"mainContentOfPage\"  class='template-page content  av-content-full alpha units'><div class='post-entry post-entry-type-page post-entry-1546'><div class='entry-content-wrapper clearfix'>\n<div class=\"flex_column av_one_fifth  flex_column_div av-zero-column-padding first  avia-builder-el-1  el_before_av_three_fifth  avia-builder-el-first  \" style='border-radius:0px; '><\/div><div class=\"flex_column av_three_fifth  flex_column_div av-zero-column-padding   avia-builder-el-2  el_after_av_one_fifth  el_before_av_one_fifth  \" style='border-radius:0px; '><p><div  style='padding-bottom:10px; color:#ffffff;' class='av-special-heading av-special-heading-h3 custom-color-heading blockquote modern-quote modern-centered  avia-builder-el-3  el_before_av_hr  avia-builder-el-first  '><h3 class='av-special-heading-tag '  itemprop=\"headline\"  >Spinstatz: Datenschutzerkl\u00e4rung<\/h3><div class='special-heading-border'><div class='special-heading-inner-border' style='border-color:#ffffff'><\/div><\/div><\/div><br \/>\n<div  style=' margin-top:30px; margin-bottom:30px;'  class='hr hr-custom hr-center hr-icon-yes   avia-builder-el-4  el_after_av_heading  el_before_av_textblock '><span class='hr-inner  inner-border-av-border-thin' style=' width:50px; max-width:45%;' ><span class='hr-inner-style'><\/span><\/span><span class='av-seperator-icon'  aria-hidden='true' data-av_icon='\ue877' data-av_iconfont='entypo-fontello'><\/span><span class='hr-inner  inner-border-av-border-thin' style=' width:50px; max-width:45%;' ><span class='hr-inner-style'><\/span><\/span><\/div><br \/>\n<section class=\"av_textblock_section \"  itemscope=\"itemscope\" itemtype=\"https:\/\/schema.org\/CreativeWork\" ><div class='avia_textblock  av_inherit_color '  style='color:#f9f9f9; '  itemprop=\"text\" ><p>Diese Datenschutzrichtlinie beschreibt unsere Richtlinien und Verfahren zur Erfassung, Verwendung und Offenlegung Ihrer Daten bei der Nutzung des Dienstes und informiert Sie \u00fcber Ihre Datenschutzrechte und dar\u00fcber, wie das Gesetz Sie sch\u00fctzt.<br \/>\nWir verwenden Ihre pers\u00f6nlichen Daten, um den Service bereitzustellen und zu verbessern. Durch die Nutzung des Dienstes stimmen Sie der Erfassung und Verwendung von Informationen gem\u00e4\u00df dieser Datenschutzrichtlinie zu. Diese Datenschutzrichtlinie wurde mit Hilfe des <a href=\"https:\/\/www.freeprivacypolicy.com\/free-privacy-policy-generator\/\" target=\"_blank\" rel=\"noopener noreferrer\"> Datenschutzrichtlinien-Generators <\/a> erstellt.<\/p>\n<h2>Interpretationen und Definitionen<\/h2>\n<h3>Interpretationen<\/h3>\n<p>Die W\u00f6rter, deren Anfangsbuchstabe gro\u00df geschrieben wird, haben unter den folgenden Bedingungen definierte Bedeutungen. Die folgenden Definitionen haben dieselbe Bedeutung, unabh\u00e4ngig davon, ob sie im Singular oder im Plural erscheinen.<\/p>\n<h3>Definitionen<\/h3>\n<p>F\u00fcr die Zwecke dieser Datenschutzrichtlinie:<\/p>\n<ul>\n<li><strong>Konto<\/strong> bezeichnet ein eindeutiges Konto, das f\u00fcr Sie erstellt wurde, um auf unseren Service oder Teile unseres Service zuzugreifen.<\/li>\n<li><strong>Das Unternehmen<\/strong> (in dieser Vereinbarung entweder als &#8222;das Unternehmen&#8220;, &#8222;wir&#8220;, &#8222;uns&#8220; oder &#8222;unser&#8220; bezeichnet) bezieht sich auf Spinstatz e.U., Am Tabor 9, 1020 Wien.<\/li>\n<li><strong>Cookies<\/strong> sind kleine Dateien, die von einer Website auf Ihrem Computer, Mobilger\u00e4t oder einem anderen Ger\u00e4t abgelegt werden und die Details Ihres Browserverlaufs auf dieser Website enthalten.<\/li>\n<li><strong>Land<\/strong> bezieht sich auf: \u00d6sterreich<\/li>\n<li><strong>Ger\u00e4t<\/strong> bezeichnet jedes Ger\u00e4t, das auf den Dienst zugreifen kann, z. B. einen Computer, ein Mobiltelefon oder ein digitales Tablet.<\/li>\n<li><strong>Personenbezogene Daten<\/strong> sind alle Informationen, die sich auf eine identifizierte oder identifizierbare Person beziehen.<\/li>\n<li><strong>Service<\/strong> bezieht sich auf die Website.<\/li>\n<li><strong>Dienstleister<\/strong> bezeichnet jede nat\u00fcrliche oder juristische Person, die die Daten im Auftrag des Unternehmens verarbeitet. Es bezieht sich auf Drittunternehmen oder Einzelpersonen, die vom Unternehmen besch\u00e4ftigt sind, um den Service zu erleichtern, den Service im Namen des Unternehmens bereitzustellen, Dienstleistungen im Zusammenhang mit dem Service zu erbringen oder das Unternehmen bei der Analyse der Nutzung des Service zu unterst\u00fctzen.<\/li>\n<li><strong>Der Social Media-Dienst<\/strong> eines Drittanbieters bezieht sich auf eine Website oder eine Website eines sozialen Netzwerks, \u00fcber die sich ein Benutzer anmelden oder ein Konto zur Nutzung des Dienstes erstellen kann.<\/li>\n<li><strong>Nutzungsdaten<\/strong> beziehen sich auf Daten, die automatisch erfasst werden und entweder durch die Nutzung des Dienstes oder \u00fcber die Dienstinfrastruktur selbst generiert werden (z. B. die Dauer eines Seitenbesuchs).<\/li>\n<li><strong>Website<\/strong> bezieht sich auf Spinstatz, zug\u00e4nglich unter <a href=\"https:\/\/www.spinstatz.eu\/\" target=\"_blank\" rel=\"external nofollow noopener noreferrer\">https:\/\/www.spinstatz.eu<\/a><\/li>\n<li><strong>Sie<\/strong> meint die Person, die auf den Service zugreift oder diesen nutzt, oder das Unternehmen oder eine andere juristische Person, f\u00fcr die diese Person gegebenenfalls auf den Service zugreift oder ihn nutzt.<\/li>\n<\/ul>\n<h2><strong>Spinstatz und Datenschutz <\/strong><\/h2>\n<p>Ihre Nutzung von www.spinstatz.com unterliegt den Datenschutzbestimmungen von SpinStatz. Bitte lesen Sie unsere Datenschutzrichtlinie, die auch die Website regelt und Benutzer \u00fcber unsere Datenerfassungspraktiken informiert.<\/p>\n<p><strong>Elektronische Kommunikation<\/strong><br \/>\nDer Besuch von www.spinstatz.com oder das Senden von E-Mails an SpinStatz stellt eine elektronische Kommunikation dar. Sie erkl\u00e4ren sich damit einverstanden, elektronische Mitteilungen zu erhalten, und Sie erkl\u00e4ren sich damit einverstanden, dass alle Vereinbarungen, Mitteilungen, Offenlegungen und sonstigen Mitteilungen, die wir Ihnen elektronisch, per E-Mail und auf der Website zur Verf\u00fcgung stellen, alle gesetzlichen Anforderungen erf\u00fcllen, die an eine schriftliche Mitteilung gestellt werden.<\/p>\n<p><strong>Ihr Konto <\/strong><br \/>\nWenn Sie diese Website nutzen, sind Sie daf\u00fcr verantwortlich, die Vertraulichkeit Ihres Kontos und Passworts zu wahren und den Zugriff auf Ihren Computer einzuschr\u00e4nken und Sie erkl\u00e4ren sich damit einverstanden, die Verantwortung f\u00fcr alle Aktivit\u00e4ten zu \u00fcbernehmen, die unter Ihrem Konto oder Passwort stattfinden. Sie d\u00fcrfen Ihr Konto keiner anderen Person oder Organisation zuweisen oder anderweitig \u00fcbertragen. Sie erkennen an, dass SpinStatz nicht f\u00fcr den Zugriff Dritter auf Ihr Konto verantwortlich ist, der aus Diebstahl oder Missbrauch Ihres Kontos resultiert. SpinStatz und seine Mitarbeiter behalten sich das Recht vor, nach eigenem Ermessen den Service zu verweigern oder zu k\u00fcndigen, Konten zu k\u00fcndigen oder Inhalte zu entfernen oder zu bearbeiten.<\/p>\n<h2>Sammeln und Verwenden Ihrer pers\u00f6nlichen Daten<\/h2>\n<h3>Pers\u00f6nliche Daten<\/h3>\n<p>W\u00e4hrend der Nutzung unseres Dienstes bitten wir Sie m\u00f6glicherweise, uns bestimmte personenbezogene Daten zur Verf\u00fcgung zu stellen, mit denen Sie kontaktiert oder identifiziert werden k\u00f6nnen. Pers\u00f6nlich identifizierbare Informationen k\u00f6nnen umfassen, sind aber nicht beschr\u00e4nkt auf:<\/p>\n<ul>\n<li>Emailadresse<\/li>\n<li>Vor- und Familienname<\/li>\n<li>Nutzungsdaten<\/li>\n<\/ul>\n<h3>Nutzungsdaten<\/h3>\n<p>Nutzungsdaten werden bei Nutzung des Dienstes automatisch erfasst.<br \/>\nDie Nutzungsdaten k\u00f6nnen Informationen wie die Internetprotokolladresse Ihres Ger\u00e4ts (z. B. IP-Adresse), den Browsertyp, die Browserversion, die von Ihnen besuchten Seiten unseres Dienstes, die Uhrzeit und das Datum Ihres Besuchs, die auf diesen Seiten verbrachte Zeit und das eindeutige Ger\u00e4t enthalten Kennungen und andere Diagnosedaten.<br \/>\nWenn Sie \u00fcber oder \u00fcber ein mobiles Ger\u00e4t auf den Dienst zugreifen, erfassen wir m\u00f6glicherweise automatisch bestimmte Informationen, einschlie\u00dflich, aber nicht beschr\u00e4nkt auf den Typ des von Ihnen verwendeten Mobilger\u00e4ts, die eindeutige ID Ihres Mobilger\u00e4ts, die IP-Adresse Ihres Mobilger\u00e4ts und Ihr Mobilger\u00e4t-Betriebssystem, die Art des von Ihnen verwendeten mobilen Internetbrowsers, eindeutige Ger\u00e4tekennungen und andere Diagnosedaten.<br \/>\nM\u00f6glicherweise erfassen wir auch Informationen, die Ihr Browser sendet, wenn Sie unseren Service besuchen oder wenn Sie \u00fcber oder \u00fcber ein mobiles Ger\u00e4t auf den Service zugreifen.<\/p>\n<h3>Tracking-Technologien und Cookies<\/h3>\n<p>Wir verwenden Cookies und \u00e4hnliche Tracking-Technologien, um die Aktivit\u00e4ten unseres Services zu verfolgen und bestimmte Informationen zu speichern. Verwendete Tracking-Technologien sind Beacons, Tags und Skripte, um Informationen zu sammeln und zu verfolgen sowie unseren Service zu verbessern und zu analysieren. Die von uns verwendeten Technologien k\u00f6nnen Folgendes umfassen:<\/p>\n<ul>\n<li><strong>Cookies oder Browser-Cookies. <\/strong> Ein Cookie ist eine kleine Datei, die auf Ihrem Ger\u00e4t abgelegt wird. Sie k\u00f6nnen Ihren Browser anweisen, alle Cookies abzulehnen oder anzugeben, wann ein Cookie gesendet wird. Wenn Sie jedoch keine Cookies akzeptieren, k\u00f6nnen Sie m\u00f6glicherweise einige Teile unseres Service nicht nutzen. Sofern Sie Ihre Browsereinstellung nicht so angepasst haben, dass Cookies abgelehnt werden, verwendet unser Service m\u00f6glicherweise Cookies.<\/li>\n<li><strong>Web Beacons. <\/strong> Bestimmte Abschnitte unseres Service und unserer E-Mails enthalten m\u00f6glicherweise kleine elektronische Dateien, sogenannte Web Beacons (auch als klare Gifs, Pixel-Tags und Einzelpixel-Gifs bezeichnet), mit denen das Unternehmen beispielsweise Benutzer z\u00e4hlen kann, die diese Seiten besucht haben oder eine E-Mail und andere verwandte Website-Statistiken ge\u00f6ffnet haben (z. B. Aufzeichnen der Beliebtheit eines bestimmten Abschnitts und \u00dcberpr\u00fcfen der System- und Serverintegrit\u00e4t).<\/li>\n<\/ul>\n<p>Cookies k\u00f6nnen &#8222;Persistent&#8220; &#8211; oder &#8222;Session&#8220; -Cookies sein. Permanente Cookies verbleiben auf Ihrem PC oder Mobilger\u00e4t, wenn Sie offline gehen, w\u00e4hrend Sitzungscookies gel\u00f6scht werden, sobald Sie Ihren Webbrowser schlie\u00dfen. Erfahren Sie mehr \u00fcber Cookies: <a href=\"https:\/\/www.freeprivacypolicy.com\/blog\/cookies\/\" target=\"_blank\" rel=\"noopener noreferrer\">Cookies: Was machen sie?<\/a><br \/>\nWir verwenden sowohl Sitzungscookies als auch dauerhafte Cookies f\u00fcr die unten aufgef\u00fchrten Zwecke:<\/p>\n<ul>\n<li><strong>Notwendige \/ wesentliche Cookies: <\/strong> Sitzungscookies verwaltet von: Uns Zweck: Diese Cookies sind unerl\u00e4sslich, um Ihnen \u00fcber die Website verf\u00fcgbare Dienste bereitzustellen und Ihnen die Nutzung einiger ihrer Funktionen zu erm\u00f6glichen. Sie helfen, Benutzer zu authentifizieren und die betr\u00fcgerische Verwendung von Benutzerkonten zu verhindern. Ohne diese Cookies k\u00f6nnen die von Ihnen angeforderten Dienste nicht bereitgestellt werden. Wir verwenden diese Cookies nur, um Ihnen diese Dienste bereitzustellen. .<\/li>\n<li><strong>Cookie-Richtlinien \/ Hinweis Akzeptanz-Cookies<\/strong> Typ: Persistente Cookies Verwaltet von: Uns Zweck: Diese Cookies identifizieren, ob Benutzer die Verwendung von Cookies auf der Website akzeptiert haben.<\/li>\n<li><strong>Funktions-Cookies<\/strong> Typ: Persistente Cookies Verwaltet von: Uns Zweck: Mit diesen Cookies k\u00f6nnen wir uns an Entscheidungen erinnern, die Sie bei der Nutzung der Website getroffen haben, z. B. an Ihre Anmeldedaten oder Spracheinstellungen. Der Zweck dieser Cookies ist es, Ihnen eine pers\u00f6nlichere Erfahrung zu bieten und zu vermeiden, dass Sie Ihre Einstellungen bei jeder Nutzung der Website erneut eingeben m\u00fcssen.<\/li>\n<\/ul>\n<p>Weitere Informationen zu den von uns verwendeten Cookies und Ihrer Auswahl in Bezug auf Cookies finden Sie in unserer Cookie-Richtlinie oder im Abschnitt Cookies unserer Datenschutzrichtlinie.<\/p>\n<h2>Verwendung Ihrer pers\u00f6nlichen Daten<\/h2>\n<p>Das Unternehmen kann personenbezogene Daten f\u00fcr folgende Zwecke verwenden:<\/p>\n<ul>\n<li><strong>Bereitstellung und Wartung unseres Service<\/strong>, einschlie\u00dflich der \u00dcberwachung der Nutzung unseres Service.<\/li>\n<li><strong>Verwaltung Ihres Kontos: <\/strong>, Um Ihre Registrierung als Benutzer des Dienstes zu verwalten. Mit den von Ihnen angegebenen pers\u00f6nlichen Daten k\u00f6nnen Sie auf verschiedene Funktionen des Dienstes zugreifen, die Ihnen als registrierter Benutzer zur Verf\u00fcgung stehen.<\/li>\n<li><strong>F\u00fcr die Erf\u00fcllung eines Vertrags: <\/strong> Die Entwicklung, Einhaltung und Durchf\u00fchrung des Kaufvertrags f\u00fcr die von Ihnen erworbenen Produkte, Artikel oder Dienstleistungen oder eines anderen Vertrags mit uns \u00fcber den Service.<\/li>\n<li><strong>Kontaktaufnahme: <\/strong> Kontaktaufnahme per E-Mail, Telefonanruf, SMS oder anderen gleichwertigen Formen der elektronischen Kommunikation, z. B. Push-Benachrichtigungen einer mobilen Anwendung zu Aktualisierungen oder informativen Mitteilungen in Bezug auf Funktionen, Produkte oder vertraglich vereinbarte Dienste, einschlie\u00dflich Sicherheitsupdates, wenn n\u00f6tig oder zumutbar f\u00fcr ihre Umsetzung.<\/li>\n<li><strong>Verf\u00fcgbarkeit<\/strong> von Nachrichten, Sonderangebote und allgemeine Informationen zu anderen von uns angebotenen Waren, Dienstleistungen und Veranstaltungen, die denen \u00e4hneln, die Sie bereits gekauft oder angefragt haben, es sei denn, Sie haben sich daf\u00fcr entschieden, solche Informationen nicht zu erhalten.<\/li>\n<li><strong>Um Ihre Anfragen zu verwalten: <\/strong> Um Ihre Anfragen an uns zu bearbeiten.<\/li>\n<li><strong>F\u00fcr Unternehmens\u00fcbertragungen: <\/strong> Wir k\u00f6nnen Ihre Daten verwenden, um eine Fusion, Ver\u00e4u\u00dferung, Umstrukturierung, Reorganisation, Aufl\u00f6sung oder einen anderen Verkauf oder eine \u00dcbertragung einiger oder aller unserer Verm\u00f6genswerte zu bewerten oder durchzuf\u00fchren, sei es als Unternehmensfortf\u00fchrung oder als Teil einer Insolvenz, Liquidation, oder ein \u00e4hnliches Verfahren, bei dem personenbezogene Daten, die wir \u00fcber unsere Servicebenutzer gespeichert haben, zu den \u00fcbertragenen Verm\u00f6genswerten geh\u00f6ren.<\/li>\n<li><strong>F\u00fcr andere Zwecke: <\/strong> Wir k\u00f6nnen Ihre Informationen f\u00fcr andere Zwecke verwenden, z. B. zur Datenanalyse, zur Ermittlung von Nutzungstrends, zur Bestimmung der Wirksamkeit unserer Werbekampagnen sowie zur Bewertung und Verbesserung unseres Service, unserer Produkte, Dienstleistungen, unseres Marketings und Ihrer Erfahrungen.<\/li>\n<\/ul>\n<p>Wir k\u00f6nnen Ihre pers\u00f6nlichen Daten in folgenden Situationen weitergeben:<\/p>\n<ul>\n<li><strong>Mit Dienstanbietern: <\/strong>Wir k\u00f6nnen Ihre pers\u00f6nlichen Daten an Dienstanbieter weitergeben, um die Nutzung unseres Dienstes zu \u00fcberwachen und zu analysieren und Sie zu kontaktieren.<\/li>\n<li><strong>Bei Unternehmens\u00fcbertragungen: <\/strong>Wir k\u00f6nnen Ihre pers\u00f6nlichen Daten im Zusammenhang mit oder w\u00e4hrend der Verhandlungen \u00fcber eine Fusion, einen Verkauf von Unternehmensverm\u00f6gen, eine Finanzierung oder einen Erwerb aller oder eines Teils unseres Gesch\u00e4fts an ein anderes Unternehmen weitergeben oder \u00fcbertragen.<\/li>\n<li><strong>Mit verbundenen Unternehmen: <\/strong>Wir k\u00f6nnen Ihre Daten an unsere verbundenen Unternehmen weitergeben. In diesem Fall ben\u00f6tigen wir diese Partner, die diese Datenschutzrichtlinie einhalten. Zu den verbundenen Unternehmen geh\u00f6ren unsere Muttergesellschaft und alle anderen Tochterunternehmen, Joint Venture-Partner oder andere Unternehmen, die wir kontrollieren oder die mit uns gemeinsam kontrolliert werden.<\/li>\n<li><strong>Mit Gesch\u00e4ftspartnern: <\/strong>Wir k\u00f6nnen Ihre Informationen an unsere Gesch\u00e4ftspartner weitergeben, um Ihnen bestimmte Produkte, Dienstleistungen oder Werbeaktionen anzubieten.<\/li>\n<li><strong>Mit anderen Benutzern: <\/strong> Wenn Sie pers\u00f6nliche Informationen teilen oder auf andere Weise in den \u00f6ffentlichen Bereichen mit anderen Benutzern interagieren, k\u00f6nnen diese Informationen von allen Benutzern angezeigt und au\u00dferhalb des Unternehmens \u00f6ffentlich verbreitet werden. Wenn Sie mit anderen Benutzern interagieren oder sich \u00fcber einen Social Media-Dienst eines Drittanbieters registrieren, sehen Ihre Kontakte im Social Media-Dienst eines Drittanbieters m\u00f6glicherweise Ihren Namen, Ihr Profil, Ihre Bilder und eine Beschreibung Ihrer Aktivit\u00e4t. Ebenso k\u00f6nnen andere Benutzer Beschreibungen Ihrer Aktivit\u00e4ten anzeigen, mit Ihnen kommunizieren und Ihr Profil anzeigen.<\/li>\n<li><strong>Mit Ihrer Zustimmung: <\/strong> Mit Ihrer Zustimmung k\u00f6nnen wir Ihre pers\u00f6nlichen Daten f\u00fcr jeden anderen Zweck offenlegen.<\/li>\n<\/ul>\n<h2>Aufbewahrung Ihrer pers\u00f6nlichen Daten<\/h2>\n<p>Das Unternehmen speichert Ihre personenbezogenen Daten nur so lange, wie dies f\u00fcr die in dieser Datenschutzrichtlinie festgelegten Zwecke erforderlich ist. Wir werden Ihre personenbezogenen Daten in dem Umfang speichern und verwenden, der zur Erf\u00fcllung unserer gesetzlichen Verpflichtungen erforderlich ist (z. B. wenn wir Ihre Daten zur Einhaltung der geltenden Gesetze aufbewahren m\u00fcssen), Streitigkeiten beilegen und unsere rechtlichen Vereinbarungen und Richtlinien durchsetzen.<br \/>\nDas Unternehmen speichert auch Nutzungsdaten f\u00fcr interne Analysezwecke. Nutzungsdaten werden in der Regel f\u00fcr einen k\u00fcrzeren Zeitraum gespeichert, es sei denn, diese Daten werden zur St\u00e4rkung der Sicherheit oder zur Verbesserung der Funktionalit\u00e4t unseres Dienstes verwendet oder wir sind gesetzlich verpflichtet, diese Daten f\u00fcr l\u00e4ngere Zeitr\u00e4ume aufzubewahren.<\/p>\n<h2>\u00dcbermittlung Ihrer pers\u00f6nlichen Daten<\/h2>\n<p>Ihre Daten, einschlie\u00dflich personenbezogener Daten, werden in den Gesch\u00e4ftsstellen des Unternehmens und an allen anderen Orten verarbeitet, an denen sich die an der Verarbeitung beteiligten Parteien befinden. Dies bedeutet, dass diese Informationen m\u00f6glicherweise an Computer au\u00dferhalb Ihres Bundesstaates, Ihrer Provinz, Ihres Landes oder einer anderen staatlichen Gerichtsbarkeit \u00fcbertragen und dort gespeichert werden, wo die Datenschutzgesetze m\u00f6glicherweise von denen Ihrer Gerichtsbarkeit abweichen.<br \/>\nIhre Zustimmung zu dieser Datenschutzrichtlinie, gefolgt von Ihrer \u00dcbermittlung dieser Informationen, stellt Ihre Zustimmung zu dieser \u00dcbertragung dar.<br \/>\nDas Unternehmen wird alle zumutbaren Schritte unternehmen, um sicherzustellen, dass Ihre Daten sicher und in \u00dcbereinstimmung mit dieser Datenschutzrichtlinie behandelt werden. Es erfolgt keine \u00dcbertragung Ihrer pers\u00f6nlichen Daten an eine Organisation oder ein Land, es sei denn, es gibt angemessene Kontrollen, einschlie\u00dflich der Sicherheit von Ihre Daten und andere pers\u00f6nliche Informationen.<\/p>\n<h2>Offenlegung Ihrer pers\u00f6nlichen Daten<\/h2>\n<h3>Gesch\u00e4ftliche Transaktionen<\/h3>\n<p>Wenn das Unternehmen an einer Fusion, einem Erwerb oder einem Verkauf von Verm\u00f6genswerten beteiligt ist, k\u00f6nnen Ihre personenbezogenen Daten \u00fcbertragen werden. Wir werden Sie benachrichtigen, bevor Ihre pers\u00f6nlichen Daten \u00fcbertragen werden und einer anderen Datenschutzrichtlinie unterliegen.<\/p>\n<h3>Strafverfolgung<\/h3>\n<p>Unter bestimmten Umst\u00e4nden kann das Unternehmen aufgefordert werden, Ihre personenbezogenen Daten offenzulegen, wenn dies gesetzlich oder auf g\u00fcltige Anfragen von Beh\u00f6rden (z. B. einem Gericht oder einer Regierungsbeh\u00f6rde) erforderlich ist.<\/p>\n<h3>Sonstige gesetzliche Anforderungen<\/h3>\n<p>Das Unternehmen kann Ihre personenbezogenen Daten nach Treu und Glauben offenlegen, dass solche Ma\u00dfnahmen erforderlich sind, um:<\/p>\n<ul>\n<li>eine gesetzliche Verpflichtung einzuhalten<\/li>\n<li>die Rechte oder das Eigentum des Unternehmens zu sch\u00fctzen und verteidigen<\/li>\n<li>m\u00f6gliche Fehlverhalten im Zusammenhang mit dem Service zu verhindern oder zu untersuchen<\/li>\n<li>die pers\u00f6nliche Sicherheit der Benutzer des Dienstes oder der \u00d6ffentlichkeit zu sch\u00fctzen<\/li>\n<li>vor gesetzlicher Haftung zu sch\u00fctzen<\/li>\n<\/ul>\n<h2>Sicherheit Ihrer pers\u00f6nlichen Daten<\/h2>\n<p>Die Sicherheit Ihrer pers\u00f6nlichen Daten ist uns wichtig. Beachten Sie jedoch, dass keine Methode zur \u00dcbertragung \u00fcber das Internet oder zur elektronischen Speicherung zu 100% sicher ist. Obwohl wir uns bem\u00fchen, Ihre personenbezogenen Daten mit kommerziell akzeptablen Mitteln zu sch\u00fctzen, k\u00f6nnen wir deren absolute Sicherheit nicht garantieren.<\/p>\n<h1>Links zu anderen Websites<\/h1>\n<p>Unser Service kann Links zu anderen Websites enthalten, die nicht von uns betrieben werden. Wenn Sie auf einen Link eines Drittanbieters klicken, werden Sie zur Website dieses Drittanbieters weitergeleitet. Wir empfehlen Ihnen dringend, die Datenschutzbestimmungen aller von Ihnen besuchten Websites zu lesen.<br \/>\nWir haben keine Kontrolle \u00fcber Inhalte, Datenschutzrichtlinien oder Praktiken von Websites oder Diensten Dritter und \u00fcbernehmen keine Verantwortung daf\u00fcr.<\/p>\n<h1>\u00c4nderungen dieser Datenschutzerkl\u00e4rung<\/h1>\n<p>Wir k\u00f6nnen unsere Datenschutzrichtlinie von Zeit zu Zeit aktualisieren. Wir werden Sie \u00fcber \u00c4nderungen informieren, indem wir die neue Datenschutzrichtlinie auf dieser Seite ver\u00f6ffentlichen.<br \/>\nWir werden Sie vor Inkrafttreten der \u00c4nderung per E-Mail und \/ oder \u00fcber einen wichtigen Hinweis auf unseren Service informieren und das Datum &#8222;Letzte Aktualisierung&#8220; oben in dieser Datenschutzrichtlinie aktualisieren.<br \/>\nEs wird empfohlen, diese Datenschutzrichtlinie regelm\u00e4\u00dfig auf \u00c4nderungen zu \u00fcberpr\u00fcfen. \u00c4nderungen dieser Datenschutzrichtlinie werden wirksam, wenn sie auf dieser Seite ver\u00f6ffentlicht werden.<\/p>\n<h1>Kontaktiere uns<\/h1>\n<p>Wenn Sie Fragen zu dieser Datenschutzrichtlinie haben, k\u00f6nnen Sie uns kontaktieren:<\/p>\n<ul>\n<li>Per E-Mail: office@spinstatz.at<\/li>\n<\/ul>\n<\/div><\/section><br \/>\n<div   class='hr hr-default   avia-builder-el-6  el_after_av_textblock  el_before_av_button '><span class='hr-inner ' ><span class='hr-inner-style'><\/span><\/span><\/div><br \/>\n<div  class='avia-button-wrap avia-button-center  avia-builder-el-7  el_after_av_hr  avia-builder-el-last ' ><a href='https:\/\/spinstatz.eu\/de\/'  class='avia-button  avia-color-theme-color  avia-font-color-grey  avia-icon_select-yes-left-icon avia-size-large avia-position-center '   ><span class='avia_button_icon avia_button_icon_left ' aria-hidden='true' data-av_icon='\ue874' data-av_iconfont='entypo-fontello'><\/span><span class='avia_iconbox_title' >Zur\u00fcck: spinstatz.eu\/de\/<\/span><span class='avia_button_background avia-button avia-color-theme-color-highlight' ><\/span><\/a><\/div><\/p><\/div><div class=\"flex_column av_one_fifth  flex_column_div av-zero-column-padding   avia-builder-el-8  el_after_av_three_fifth  avia-builder-el-last  \" style='border-radius:0px; '><\/div>\n","protected":false},"excerpt":{"rendered":"","protected":false},"author":1,"featured_media":0,"parent":0,"menu_order":0,"comment_status":"closed","ping_status":"closed","template":"","meta":[],"_links":{"self":[{"href":"https:\/\/spinstatz.eu\/de\/wp-json\/wp\/v2\/pages\/1546"}],"collection":[{"href":"https:\/\/spinstatz.eu\/de\/wp-json\/wp\/v2\/pages"}],"about":[{"href":"https:\/\/spinstatz.eu\/de\/wp-json\/wp\/v2\/types\/page"}],"author":[{"embeddable":true,"href":"https:\/\/spinstatz.eu\/de\/wp-json\/wp\/v2\/users\/1"}],"replies":[{"embeddable":true,"href":"https:\/\/spinstatz.eu\/de\/wp-json\/wp\/v2\/comments?post=1546"}],"version-history":[{"count":6,"href":"https:\/\/spinstatz.eu\/de\/wp-json\/wp\/v2\/pages\/1546\/revisions"}],"predecessor-version":[{"id":1615,"href":"https:\/\/spinstatz.eu\/de\/wp-json\/wp\/v2\/pages\/1546\/revisions\/1615"}],"wp:attachment":[{"href":"https:\/\/spinstatz.eu\/de\/wp-json\/wp\/v2\/media?parent=1546"}],"curies":[{"name":"wp","href":"https:\/\/api.w.org\/{rel}","templated":true}]}}